{"id":54,"date":"2025-05-19T16:34:56","date_gmt":"2025-05-19T16:34:56","guid":{"rendered":"https:\/\/janeicristina.com.br\/?page_id=54"},"modified":"2025-06-09T13:52:43","modified_gmt":"2025-06-09T13:52:43","slug":"blog","status":"publish","type":"page","link":"https:\/\/janeicristina.com.br\/en\/blog\/","title":{"rendered":"Blog"},"content":{"rendered":"<div data-elementor-type=\"wp-page\" data-elementor-id=\"54\" class=\"elementor elementor-54\" data-elementor-post-type=\"page\">\n\t\t\t\t<div class=\"elementor-element elementor-element-fae4388 e-con-full e-flex e-con e-parent\" data-id=\"fae4388\" data-element_type=\"container\" data-e-type=\"container\" data-settings=\"{&quot;background_background&quot;:&quot;classic&quot;,&quot;shape_divider_bottom&quot;:&quot;opacity-fan&quot;}\">\n\t\t\t\t<div class=\"elementor-shape elementor-shape-bottom\" aria-hidden=\"true\" data-negative=\"false\">\n\t\t\t<svg xmlns=\"http:\/\/www.w3.org\/2000\/svg\" viewbox=\"0 0 283.5 19.6\" preserveaspectratio=\"none\">\n\t<path class=\"elementor-shape-fill\" style=\"opacity:0.33\" d=\"M0 0L0 18.8 141.8 4.1 283.5 18.8 283.5 0z\"\/>\n\t<path class=\"elementor-shape-fill\" style=\"opacity:0.33\" d=\"M0 0L0 12.6 141.8 4 283.5 12.6 283.5 0z\"\/>\n\t<path class=\"elementor-shape-fill\" style=\"opacity:0.33\" d=\"M0 0L0 6.4 141.8 4 283.5 6.4 283.5 0z\"\/>\n\t<path class=\"elementor-shape-fill\" d=\"M0 0L0 1.2 141.8 4 283.5 1.2 283.5 0z\"\/>\n<\/svg>\t\t<\/div>\n\t\t\t\t<div class=\"elementor-element elementor-element-888e5c7 elementor-widget-mobile__width-initial elementor-widget elementor-widget-heading\" data-id=\"888e5c7\" data-element_type=\"widget\" data-e-type=\"widget\" data-widget_type=\"heading.default\">\n\t\t\t\t<div class=\"elementor-widget-container\">\n\t\t\t\t\t<h2 class=\"elementor-heading-title elementor-size-default\">Tudo o que voc\u00ea precisa saber sobre evolu\u00e7\u00e3o de carreira com qualidade de vida<\/h2>\t\t\t\t<\/div>\n\t\t\t\t<\/div>\n\t\t\t\t<div class=\"elementor-element elementor-element-62e992b elementor-widget elementor-widget-text-editor\" data-id=\"62e992b\" data-element_type=\"widget\" data-e-type=\"widget\" data-widget_type=\"text-editor.default\">\n\t\t\t\t<div class=\"elementor-widget-container\">\n\t\t\t\t\t\t\t\t\t<p>(Somente em Portugu\u00eas)<\/p>\t\t\t\t\t\t\t\t<\/div>\n\t\t\t\t<\/div>\n\t\t\t\t<div class=\"elementor-element elementor-element-438acba elementor-widget elementor-widget-heading\" data-id=\"438acba\" data-element_type=\"widget\" data-e-type=\"widget\" data-widget_type=\"heading.default\">\n\t\t\t\t<div class=\"elementor-widget-container\">\n\t\t\t\t\t<h3 class=\"elementor-heading-title elementor-size-default\">Por que falar de evolu\u00e7\u00e3o de carreira com qualidade de vida \u00e9 essencial nos dias de hoje?<\/h3>\t\t\t\t<\/div>\n\t\t\t\t<\/div>\n\t\t\t\t<div class=\"elementor-element elementor-element-fc10f34 elementor-widget elementor-widget-spacer\" data-id=\"fc10f34\" data-element_type=\"widget\" data-e-type=\"widget\" data-widget_type=\"spacer.default\">\n\t\t\t\t<div class=\"elementor-widget-container\">\n\t\t\t\t\t\t\t<div class=\"elementor-spacer\">\n\t\t\t<div class=\"elementor-spacer-inner\"><\/div>\n\t\t<\/div>\n\t\t\t\t\t\t<\/div>\n\t\t\t\t<\/div>\n\t\t\t\t<div class=\"elementor-element elementor-element-35f7b51 elementor-widget elementor-widget-text-editor\" data-id=\"35f7b51\" data-element_type=\"widget\" data-e-type=\"widget\" data-widget_type=\"text-editor.default\">\n\t\t\t\t<div class=\"elementor-widget-container\">\n\t\t\t\t\t\t\t\t\t<p class=\"body-large\" dir=\"auto\">Antes de tudo, se voc\u00ea est\u00e1 buscando formas pr\u00e1ticas de evoluir na sua carreira <strong>sem abrir m\u00e3o do bem-estar e da sa\u00fade<\/strong>, chegou ao lugar certo.<\/p><p class=\"body-large\" dir=\"auto\">A nossa lista de blogs e posts foi criada especialmente para profissionais que desejam ir al\u00e9m da tradicional jornada corporativa. E, tamb\u00e9m, buscam incorporar um <strong>estilo de vida saud\u00e1vel e equilibrado<\/strong>, mesmo com a correria do dia a dia.<\/p><p class=\"body-large\" dir=\"auto\">Aqui, voc\u00ea encontrar\u00e1 <strong>conte\u00fados exclusivos<\/strong>, sempre atualizados, com dicas, reflex\u00f5es e tend\u00eancias sobre evolu\u00e7\u00e3o de carreira com qualidade de vida.<\/p><p class=\"body-large\" dir=\"auto\">Mais do que apenas crescer profissionalmente, nossa proposta \u00e9 <strong>ajudar voc\u00ea<\/strong> a trilhar um caminho de desenvolvimento que respeite seu ritmo, suas necessidades pessoais e, principalmente, seu autocuidado.<\/p><p class=\"body-large\" dir=\"auto\">No entanto, o cen\u00e1rio atual exige agilidade, produtividade e alta performance.<\/p><p class=\"body-large\" dir=\"auto\">E isso, muitas vezes isso vem acompanhado de <strong>estresse, ansiedade e esgotamento f\u00edsico e emocional<\/strong>.<\/p><p class=\"body-large\" dir=\"auto\">Por isso, nossa miss\u00e3o \u00e9 mostrar que \u00e9 poss\u00edvel, sim, <strong>manter uma carreira de sucesso sem sacrificar sua sa\u00fade e seu bem-estar<\/strong>.<\/p><p class=\"body-large\" dir=\"auto\">Por meio de t\u00e9cnicas simples que podem ser aplicadas no seu dia a dia, voc\u00ea aprender\u00e1 a <strong>criar rotinas mais leves, produtivas e saud\u00e1veis<\/strong>.<\/p><p class=\"body-large\" dir=\"auto\">Al\u00e9m disso, vamos falar sobre <strong>h\u00e1bitos que estimulam o equil\u00edbrio<\/strong> entre vida profissional e pessoal, gest\u00e3o de tempo consciente, pr\u00e1ticas integrativas de autocuidado. E, tamb\u00e9m, de estrat\u00e9gias para manter a mente e o corpo alinhados aos seus objetivos de carreira.<\/p><p class=\"body-large\" dir=\"auto\">Ao acompanhar nossos posts, <strong>voc\u00ea estar\u00e1 sempre por dentro das melhores pr\u00e1ticas<\/strong> para uma transi\u00e7\u00e3o de carreira mais leve, alinhada ao seu prop\u00f3sito e respeitando seu momento de vida. Permita-se viver essa evolu\u00e7\u00e3o com mais leveza, sa\u00fade e qualidade.<\/p><p class=\"body-large\" dir=\"auto\">Explore agora nossos conte\u00fados e d\u00ea o primeiro passo rumo \u00e0 sua <strong>evolu\u00e7\u00e3o de carreira<\/strong> com qualidade de vida.<\/p>\t\t\t\t\t\t\t\t<\/div>\n\t\t\t\t<\/div>\n\t\t\t\t<div class=\"elementor-element elementor-element-9999e8a elementor-widget elementor-widget-spacer\" data-id=\"9999e8a\" data-element_type=\"widget\" data-e-type=\"widget\" data-widget_type=\"spacer.default\">\n\t\t\t\t<div class=\"elementor-widget-container\">\n\t\t\t\t\t\t\t<div class=\"elementor-spacer\">\n\t\t\t<div class=\"elementor-spacer-inner\"><\/div>\n\t\t<\/div>\n\t\t\t\t\t\t<\/div>\n\t\t\t\t<\/div>\n\t\t\t\t<div class=\"elementor-element elementor-element-01c2d49 elementor-grid-eael-col-3 elementor-grid-tablet-eael-col-2 elementor-grid-mobile-eael-col-1 elementor-widget elementor-widget-eael-post-grid\" data-id=\"01c2d49\" data-element_type=\"widget\" data-e-type=\"widget\" data-settings=\"{&quot;eael_post_grid_columns&quot;:&quot;eael-col-3&quot;,&quot;eael_post_grid_columns_tablet&quot;:&quot;eael-col-2&quot;,&quot;eael_post_grid_columns_mobile&quot;:&quot;eael-col-1&quot;}\" data-widget_type=\"eael-post-grid.default\">\n\t\t\t\t<div class=\"elementor-widget-container\">\n\t\t\t\t\t<div id=\"eael-post-grid-01c2d49\" class=\"eael-post-grid-container\">\n            <div class=\"eael-post-grid eael-post-appender eael-post-appender-01c2d49 eael-post-grid-style-one\" data-layout-mode=\"grid\"><article class=\"eael-grid-post  eael-post-grid-column eael-pg-post-357 category-evolucao-de-carreira\" data-id=\"357\">\n        <div class=\"eael-grid-post-holder\">\n            <div class=\"eael-grid-post-holder-inner\"><div class=\"eael-entry-wrapper\"><header class=\"eael-entry-header\"><h2 class=\"eael-entry-title\"><a class=\"eael-grid-post-link\" href=\"https:\/\/janeicristina.com.br\/en\/construindo-uma-vida-consciente\/\" title=\"Construindo uma Vida Consciente\"rel=\"nofollow\">Construindo uma Vida Consciente<\/a><\/h2><\/header><div class=\"eael-entry-content\">\n                        <div class=\"eael-grid-post-excerpt\"><p>Baseado no cap\u00edtulo &#8220;As Casas&#8221; do livro O Profeta de Khalil Gibran Bem-vindo ao meu...<\/p><a href=\"https:\/\/janeicristina.com.br\/en\/construindo-uma-vida-consciente\/\" class=\"eael-post-elements-readmore-btn\"rel=\"nofollow\">Leia mais<\/a><\/div>\n                    <\/div><\/div><\/div>\n        <\/div>\n    <\/article><article class=\"eael-grid-post  eael-post-grid-column eael-pg-post-313 category-evolucao-de-carreira\" data-id=\"313\">\n        <div class=\"eael-grid-post-holder\">\n            <div class=\"eael-grid-post-holder-inner\"><div class=\"eael-entry-media\"><div class=\"eael-entry-overlay fade-in\"><i class=\"fas fa-book-open\" aria-hidden=\"true\"><\/i><a href=\"https:\/\/janeicristina.com.br\/en\/cuidado-com-os-ratos\/\"rel=\"nofollow\"><\/a><\/div><div class=\"eael-entry-thumbnail\">\n                <img fetchpriority=\"high\" decoding=\"async\" width=\"300\" height=\"300\" src=\"https:\/\/janeicristina.com.br\/wp-content\/uploads\/2025\/07\/Quando-voce-pensa-em-um-rato-o-que-vem-a-sua-cabeca-300x300.png\" class=\"attachment-medium size-medium wp-image-314\" alt=\"imagem criada para representar ratos famosos das anima\u00e7\u00f5es cinematogr\u00e1ficas\" srcset=\"https:\/\/janeicristina.com.br\/wp-content\/uploads\/2025\/07\/Quando-voce-pensa-em-um-rato-o-que-vem-a-sua-cabeca-300x300.png 300w, https:\/\/janeicristina.com.br\/wp-content\/uploads\/2025\/07\/Quando-voce-pensa-em-um-rato-o-que-vem-a-sua-cabeca-1024x1024.png 1024w, https:\/\/janeicristina.com.br\/wp-content\/uploads\/2025\/07\/Quando-voce-pensa-em-um-rato-o-que-vem-a-sua-cabeca-150x150.png 150w, https:\/\/janeicristina.com.br\/wp-content\/uploads\/2025\/07\/Quando-voce-pensa-em-um-rato-o-que-vem-a-sua-cabeca-768x768.png 768w, https:\/\/janeicristina.com.br\/wp-content\/uploads\/2025\/07\/Quando-voce-pensa-em-um-rato-o-que-vem-a-sua-cabeca-12x12.png 12w, https:\/\/janeicristina.com.br\/wp-content\/uploads\/2025\/07\/Quando-voce-pensa-em-um-rato-o-que-vem-a-sua-cabeca.png 1080w\" sizes=\"(max-width: 300px) 100vw, 300px\" \/>\n            <\/div>\n        <\/div><div class=\"eael-entry-wrapper\"><header class=\"eael-entry-header\"><h2 class=\"eael-entry-title\"><a class=\"eael-grid-post-link\" href=\"https:\/\/janeicristina.com.br\/en\/cuidado-com-os-ratos\/\" title=\"Cuidado com os Ratos\"rel=\"nofollow\">Cuidado com os Ratos<\/a><\/h2><\/header><div class=\"eael-entry-content\">\n                        <div class=\"eael-grid-post-excerpt\"><p>Cuidado com os Ratos (mesmo os fofinhos): Uma met\u00e1fora para a sabotagem no ambiente de...<\/p><a href=\"https:\/\/janeicristina.com.br\/en\/cuidado-com-os-ratos\/\" class=\"eael-post-elements-readmore-btn\"rel=\"nofollow\">Leia mais<\/a><\/div>\n                    <\/div><\/div><\/div>\n        <\/div>\n    <\/article><article class=\"eael-grid-post  eael-post-grid-column eael-pg-post-242 category-uncategorized\" data-id=\"242\">\n        <div class=\"eael-grid-post-holder\">\n            <div class=\"eael-grid-post-holder-inner\"><div class=\"eael-entry-media\"><div class=\"eael-entry-overlay fade-in\"><i class=\"fas fa-book-open\" aria-hidden=\"true\"><\/i><a href=\"https:\/\/janeicristina.com.br\/en\/carreira_global_impacto_morar_fora_vida_profissional_e_pessoal\/\"rel=\"nofollow\"><\/a><\/div><div class=\"eael-entry-thumbnail\">\n                <img decoding=\"async\" width=\"225\" height=\"300\" src=\"https:\/\/janeicristina.com.br\/wp-content\/uploads\/2025\/06\/WhatsApp-Image-2025-06-09-at-08.54.29-225x300.jpeg\" class=\"attachment-medium size-medium wp-image-243\" alt=\"Fotografia de Janei Cristina, preto e branco, em frente ao marco zero em Bras\u00edlia, Distrito Federal\" srcset=\"https:\/\/janeicristina.com.br\/wp-content\/uploads\/2025\/06\/WhatsApp-Image-2025-06-09-at-08.54.29-225x300.jpeg 225w, https:\/\/janeicristina.com.br\/wp-content\/uploads\/2025\/06\/WhatsApp-Image-2025-06-09-at-08.54.29-768x1024.jpeg 768w, https:\/\/janeicristina.com.br\/wp-content\/uploads\/2025\/06\/WhatsApp-Image-2025-06-09-at-08.54.29-1152x1536.jpeg 1152w, https:\/\/janeicristina.com.br\/wp-content\/uploads\/2025\/06\/WhatsApp-Image-2025-06-09-at-08.54.29-9x12.jpeg 9w, https:\/\/janeicristina.com.br\/wp-content\/uploads\/2025\/06\/WhatsApp-Image-2025-06-09-at-08.54.29.jpeg 1200w\" sizes=\"(max-width: 225px) 100vw, 225px\" \/>\n            <\/div>\n        <\/div><div class=\"eael-entry-wrapper\"><header class=\"eael-entry-header\"><h2 class=\"eael-entry-title\"><a class=\"eael-grid-post-link\" href=\"https:\/\/janeicristina.com.br\/en\/carreira_global_impacto_morar_fora_vida_profissional_e_pessoal\/\" title=\"Carreira Global: O Impacto de Morar Fora na Sua Vida Profissional e Pessoal\"rel=\"nofollow\">Carreira Global: O Impacto de Morar Fora na Sua Vida Profissional e Pessoal<\/a><\/h2><\/header><div class=\"eael-entry-content\">\n                        <div class=\"eael-grid-post-excerpt\"><p>O Espelho Inesperado do Retorno Voltar para casa depois de um tempo morando fora \u00e9...<\/p><a href=\"https:\/\/janeicristina.com.br\/en\/carreira_global_impacto_morar_fora_vida_profissional_e_pessoal\/\" class=\"eael-post-elements-readmore-btn\"rel=\"nofollow\">Leia mais<\/a><\/div>\n                    <\/div><\/div><\/div>\n        <\/div>\n    <\/article><article class=\"eael-grid-post  eael-post-grid-column eael-pg-post-97 category-uncategorized\" data-id=\"97\">\n        <div class=\"eael-grid-post-holder\">\n            <div class=\"eael-grid-post-holder-inner\"><div class=\"eael-entry-media\"><div class=\"eael-entry-overlay fade-in\"><i class=\"fas fa-book-open\" aria-hidden=\"true\"><\/i><a href=\"https:\/\/janeicristina.com.br\/en\/impulsione_sua_carreira_importancia_desenvolvimento_continuo_habilidades\/\"rel=\"nofollow\"><\/a><\/div><div class=\"eael-entry-thumbnail\">\n                <img decoding=\"async\" width=\"300\" height=\"300\" src=\"https:\/\/janeicristina.com.br\/wp-content\/uploads\/2025\/05\/auditorio-300x300.webp\" class=\"attachment-medium size-medium wp-image-153\" alt=\"Imagem produzida por intelig\u00eancia artificial, mostrando audit\u00f3rio com cadeiras e centenas de profissionais sentados assistindo a alguma apresenta\u00e7\u00e3o numa empresa\" srcset=\"https:\/\/janeicristina.com.br\/wp-content\/uploads\/2025\/05\/auditorio-300x300.webp 300w, https:\/\/janeicristina.com.br\/wp-content\/uploads\/2025\/05\/auditorio-150x150.webp 150w, https:\/\/janeicristina.com.br\/wp-content\/uploads\/2025\/05\/auditorio-768x768.webp 768w, https:\/\/janeicristina.com.br\/wp-content\/uploads\/2025\/05\/auditorio-12x12.webp 12w, https:\/\/janeicristina.com.br\/wp-content\/uploads\/2025\/05\/auditorio.webp 1024w\" sizes=\"(max-width: 300px) 100vw, 300px\" \/>\n            <\/div>\n        <\/div><div class=\"eael-entry-wrapper\"><header class=\"eael-entry-header\"><h2 class=\"eael-entry-title\"><a class=\"eael-grid-post-link\" href=\"https:\/\/janeicristina.com.br\/en\/impulsione_sua_carreira_importancia_desenvolvimento_continuo_habilidades\/\" title=\"Impulsione Sua Carreira: A Import\u00e2ncia do Desenvolvimento Cont\u00ednuo de Habilidades\"rel=\"nofollow\">Impulsione Sua Carreira: A Import\u00e2ncia do Desenvolvimento Cont\u00ednuo de Habilidades<\/a><\/h2><\/header><div class=\"eael-entry-content\">\n                        <div class=\"eael-grid-post-excerpt\"><p>Por que voc\u00ea precisa continuar aprendendo? Vivemos em um mundo onde o conhecimento se torna...<\/p><a href=\"https:\/\/janeicristina.com.br\/en\/impulsione_sua_carreira_importancia_desenvolvimento_continuo_habilidades\/\" class=\"eael-post-elements-readmore-btn\"rel=\"nofollow\">Leia mais<\/a><\/div>\n                    <\/div><\/div><\/div>\n        <\/div>\n    <\/article><\/div>\n            <div class=\"clearfix\"><\/div>\n        <\/div>            <div class=\"eael-load-more-button-wrap eael-force-hide\">\n                <button class=\"eael-load-more-button\" id=\"eael-load-more-btn-01c2d49\" data-widget-id=\"01c2d49\" data-widget=\"01c2d49\" data-page-id=\"54\" data-template=\"{&quot;dir&quot;:&quot;lite&quot;,&quot;file_name&quot;:&quot;one.php&quot;,&quot;name&quot;:&quot;Post-Grid&quot;}\" data-class=\"Essential_Addons_Elementor\\Elements\\Post_Grid\" data-layout=\"grid\" data-page=\"1\" data-args=\"orderby=date&amp;order=desc&amp;ignore_sticky_posts=1&amp;post_status=publish&amp;posts_per_page=4&amp;offset=0&amp;post_type=post\" data-max-page=\"2\">\n                    <span class=\"eael-btn-loader button__loader\"><\/span>\n                    <span class=\"eael_load_more_text\">Carregar mais<\/span>\n                <\/button>\n            <\/div>\n            \t\t\t\t<\/div>\n\t\t\t\t<\/div>\n\t\t\t\t<\/div>\n\t\t<div class=\"elementor-element elementor-element-6012b1f e-flex e-con-boxed e-con e-parent\" data-id=\"6012b1f\" data-element_type=\"container\" data-e-type=\"container\">\n\t\t\t\t\t<div class=\"e-con-inner\">\n\t\t\t\t<div class=\"elementor-element elementor-element-d711a2f elementor-widget elementor-widget-spacer\" data-id=\"d711a2f\" data-element_type=\"widget\" data-e-type=\"widget\" data-widget_type=\"spacer.default\">\n\t\t\t\t<div class=\"elementor-widget-container\">\n\t\t\t\t\t\t\t<div class=\"elementor-spacer\">\n\t\t\t<div class=\"elementor-spacer-inner\"><\/div>\n\t\t<\/div>\n\t\t\t\t\t\t<\/div>\n\t\t\t\t<\/div>\n\t\t\t\t\t<\/div>\n\t\t\t\t<\/div>\n\t\t\t\t<\/div>","protected":false},"excerpt":{"rendered":"<p>Tudo o que voc\u00ea precisa saber sobre evolu\u00e7\u00e3o de carreira com qualidade de vida (Somente em Portugu\u00eas) Por que falar de evolu\u00e7\u00e3o de carreira com qualidade de vida \u00e9 essencial nos dias de hoje? Antes de tudo, se voc\u00ea est\u00e1 buscando formas pr\u00e1ticas de evoluir na sua carreira sem abrir m\u00e3o do bem-estar e da [&hellip;]<\/p>","protected":false},"author":1,"featured_media":0,"parent":0,"menu_order":0,"comment_status":"closed","ping_status":"closed","template":"","meta":{"om_disable_all_campaigns":false,"_monsterinsights_skip_tracking":false,"_monsterinsights_sitenote_active":false,"_monsterinsights_sitenote_note":"","_monsterinsights_sitenote_category":0,"footnotes":""},"class_list":["post-54","page","type-page","status-publish","hentry"],"aioseo_notices":[],"_links":{"self":[{"href":"https:\/\/janeicristina.com.br\/en\/wp-json\/wp\/v2\/pages\/54","targetHints":{"allow":["GET"]}}],"collection":[{"href":"https:\/\/janeicristina.com.br\/en\/wp-json\/wp\/v2\/pages"}],"about":[{"href":"https:\/\/janeicristina.com.br\/en\/wp-json\/wp\/v2\/types\/page"}],"author":[{"embeddable":true,"href":"https:\/\/janeicristina.com.br\/en\/wp-json\/wp\/v2\/users\/1"}],"replies":[{"embeddable":true,"href":"https:\/\/janeicristina.com.br\/en\/wp-json\/wp\/v2\/comments?post=54"}],"version-history":[{"count":37,"href":"https:\/\/janeicristina.com.br\/en\/wp-json\/wp\/v2\/pages\/54\/revisions"}],"predecessor-version":[{"id":264,"href":"https:\/\/janeicristina.com.br\/en\/wp-json\/wp\/v2\/pages\/54\/revisions\/264"}],"wp:attachment":[{"href":"https:\/\/janeicristina.com.br\/en\/wp-json\/wp\/v2\/media?parent=54"}],"curies":[{"name":"wp","href":"https:\/\/api.w.org\/{rel}","templated":true}]}}